{"id":560,"date":"2022-11-30T13:33:35","date_gmt":"2022-11-30T13:33:35","guid":{"rendered":"https:\/\/www.sergioloporto.com\/home\/"},"modified":"2025-03-03T21:54:56","modified_gmt":"2025-03-03T21:54:56","slug":"home","status":"publish","type":"page","link":"https:\/\/www.sergioloporto.com\/it\/","title":{"rendered":"Home"},"content":{"rendered":"<\/p>\n<p><div class=\"question-block\" data-container=\"toggle-1\" itemprop=\"mainEntity\" itemscope itemtype=\"http:\/\/schema.org\/Question\"><h3 itemprop=\"name\" class=\"question\">Cosa \u00e8 la psicoterapia?<\/h3><div id=\"toggle-1\" itemprop=\"acceptedAnswer\" itemscope itemtype=\"http:\/\/schema.org\/Answer\" class=\"answer\"><div itemprop=\"text\" class=\"text\"><\/p>\n<p>La psicoterapia \u00e8 un processo di trattamento basato sulla conversazione con un terapeuta, con l&#8217;obiettivo di comprendere e alleviare i problemi emotivi e di cambiare il modo in cui una persona affronta le difficolt\u00e0. Si tratta di un insieme di tecniche utilizzate dai terapeuti per aiutare i pazienti a trasformare i loro pensieri, sentimenti e comportamenti per raggiungere i loro obiettivi desiderati.<\/p>\n<p>La terapia pu\u00f2 riguardare un&#8217;ampia gamma di problemi, tra cui difficolt\u00e0 nelle relazioni, adattamento ai cambiamenti della vita, gestione della depressione o dell&#8217;ansia e raggiungimento dell&#8217;autorealizzazione.<\/p>\n<p>Le sedute terapeutiche possono includere la discussione dei sintomi, l&#8217;analisi del comportamento e la riflessione sui fattori che scatenano tali sintomi. Il terapeuta pu\u00f2 anche concentrarsi sulla definizione del problema principale, che verr\u00e0 approfondito negli incontri successivi. Attraverso la terapia, i pazienti acquisiscono una migliore comprensione delle proprie emozioni, imparano a osservarle da una prospettiva diversa e utilizzano le nuove competenze acquisite per migliorare la qualit\u00e0 della loro vita.<br \/>\n<\/div><\/div><\/div><\/p>\n<p><div class=\"question-block\" data-container=\"toggle-2\" itemprop=\"mainEntity\" itemscope itemtype=\"http:\/\/schema.org\/Question\"><h3 itemprop=\"name\" class=\"question\">Cosa \u00e8 la consulenza psicologica?<\/h3><div id=\"toggle-2\" itemprop=\"acceptedAnswer\" itemscope itemtype=\"http:\/\/schema.org\/Answer\" class=\"answer\"><div itemprop=\"text\" class=\"text\"><\/p>\n<p>La consulenza psicologica \u00e8 un processo che pu\u00f2 aiutarti ad ottenere una prospettiva diversa su molti dei problemi che desideri risolvere. Durante una consulenza psicologica, incontrerai uno psicologo che ascolter\u00e0 le tue difficolt\u00e0 ed emozioni e ti accompagner\u00e0 nel percorso di comprensione di te stesso e dei tuoi comportamenti. Le sessioni possono essere condotte individualmente, in coppia o in gruppo, a seconda delle esigenze e della scelta dei partecipanti.<\/p>\n<p>Le consulenze psicologiche comprendono una diagnosi pratica e un piano d&#8217;azione personalizzato, oltre allo sviluppo di competenze per affrontare diverse difficolt\u00e0. Possono avere una funzione di supporto o terapeutica. Le consulenze di supporto si concentrano sul miglioramento della qualit\u00e0 della vita, sulla gestione di situazioni difficili e sull&#8217;apprendimento di nuove abilit\u00e0.<\/p>\n<p>Le consulenze terapeutiche, invece, sono finalizzate al trattamento di problemi come la depressione, l&#8217;ansia, la difficolt\u00e0 nella gestione dello stress o i disturbi comportamentali. Ogni persona ha esigenze e obiettivi diversi, che possono essere affrontati attraverso la consulenza psicologica.<br \/>\n<\/div><\/div><\/div><\/p>\n<p><div class=\"question-block\" data-container=\"toggle-3\" itemprop=\"mainEntity\" itemscope itemtype=\"http:\/\/schema.org\/Question\"><h3 itemprop=\"name\" class=\"question\">Cosa \u00e8 la Psicotraumatologia?<\/h3><div id=\"toggle-3\" itemprop=\"acceptedAnswer\" itemscope itemtype=\"http:\/\/schema.org\/Answer\" class=\"answer\"><div itemprop=\"text\" class=\"text\"><\/p>\n<p>La psicotraumatologia \u00e8 una disciplina che si occupa della diagnosi e del trattamento delle persone che soffrono di traumi psicologici. Si concentra sull&#8217;aiuto a coloro che hanno vissuto eventi traumatici gravi, come violenza o disastri. La psicotraumatologia studia anche gli effetti di abusi prolungati e abituali, nonch\u00e9 altri stati psicologici legati al trauma.<\/p>\n<p>Leggi di pi\u00f9 sulla psicotraumatologia negli articoli seguenti:<\/p>\n<p><a href=\"https:\/\/www.sergioloporto.com\/psychotraumatolog-czym-sie-zajmuje-co-to-jest-dla-kogo\/\">Psicotraumatologo \u2013 di cosa si occupa, cos&#8217;\u00e8 e per chi \u00e8 indicato?<\/a><br \/>\n<a href=\"https:\/\/www.sergioloporto.com\/psycholog-vs-psychotraumatolog\/\">Psicologo vs Psicotraumatologo \u2013 quali sono le differenze?<\/a><\/p>\n<p><\/div><\/div><\/div><br \/>\n\n","protected":false},"excerpt":{"rendered":"","protected":false},"author":1,"featured_media":0,"parent":0,"menu_order":0,"comment_status":"closed","ping_status":"closed","template":"page_home_pl.php","meta":{"footnotes":""},"tags":[76,77,78,79],"class_list":["post-560","page","type-page","status-publish","hentry","tag-leczenie-traum-it","tag-psychotraumatolog-it","tag-terapia-havening-it","tag-trauma-it"],"yoast_head":"<!-- This site is optimized with the Yoast SEO plugin v27.3 - https:\/\/yoast.com\/product\/yoast-seo-wordpress\/ -->\n<title>Terapia del Trauma a Varsavia - Psicotraumatologo Tecniche Havening<\/title>\n<meta name=\"description\" content=\"Terapia del trauma a Varsavia. Ritorno a emozioni sane dopo un trauma con le Tecniche Havening\u00ae - Trattamento dei traumi, psicotraumatologo a Muravera \/ online\" \/>\n<meta name=\"robots\" content=\"index, follow, max-snippet:-1, max-image-preview:large, max-video-preview:-1\" \/>\n<link rel=\"canonical\" href=\"https:\/\/www.sergioloporto.com\/it\/\" \/>\n<meta property=\"og:locale\" content=\"it_IT\" \/>\n<meta property=\"og:type\" content=\"article\" \/>\n<meta property=\"og:title\" content=\"Terapia del Trauma a Varsavia - Psicotraumatologo Tecniche Havening\" \/>\n<meta property=\"og:description\" content=\"Terapia del trauma a Varsavia. Ritorno a emozioni sane dopo un trauma con le Tecniche Havening\u00ae - Trattamento dei traumi, psicotraumatologo a Muravera \/ online\" \/>\n<meta property=\"og:url\" content=\"https:\/\/www.sergioloporto.com\/it\/\" \/>\n<meta property=\"og:site_name\" content=\"Terapia traumy Havening Warszawa\" \/>\n<meta property=\"article:modified_time\" content=\"2025-03-03T21:54:56+00:00\" \/>\n<meta name=\"twitter:card\" content=\"summary_large_image\" \/>\n<meta name=\"twitter:label1\" content=\"Tempo di lettura stimato\" \/>\n\t<meta name=\"twitter:data1\" content=\"2 minuti\" \/>\n<script type=\"application\/ld+json\" class=\"yoast-schema-graph\">{\"@context\":\"https:\\\/\\\/schema.org\",\"@graph\":[{\"@type\":\"WebPage\",\"@id\":\"https:\\\/\\\/www.sergioloporto.com\\\/it\\\/\",\"url\":\"https:\\\/\\\/www.sergioloporto.com\\\/it\\\/\",\"name\":\"Terapia del Trauma a Varsavia - Psicotraumatologo Tecniche Havening\",\"isPartOf\":{\"@id\":\"https:\\\/\\\/www.sergioloporto.com\\\/it\\\/#website\"},\"datePublished\":\"2022-11-30T13:33:35+00:00\",\"dateModified\":\"2025-03-03T21:54:56+00:00\",\"description\":\"Terapia del trauma a Varsavia. Ritorno a emozioni sane dopo un trauma con le Tecniche Havening\u00ae - Trattamento dei traumi, psicotraumatologo a Muravera \\\/ online\",\"breadcrumb\":{\"@id\":\"https:\\\/\\\/www.sergioloporto.com\\\/it\\\/#breadcrumb\"},\"inLanguage\":\"it-IT\",\"potentialAction\":[{\"@type\":\"ReadAction\",\"target\":[\"https:\\\/\\\/www.sergioloporto.com\\\/it\\\/\"]}]},{\"@type\":\"BreadcrumbList\",\"@id\":\"https:\\\/\\\/www.sergioloporto.com\\\/it\\\/#breadcrumb\",\"itemListElement\":[{\"@type\":\"ListItem\",\"position\":1,\"name\":\"Home\",\"item\":\"https:\\\/\\\/www.sergioloporto.com\\\/it\\\/\"},{\"@type\":\"ListItem\",\"position\":2,\"name\":\"Home\"}]},{\"@type\":\"WebSite\",\"@id\":\"https:\\\/\\\/www.sergioloporto.com\\\/it\\\/#website\",\"url\":\"https:\\\/\\\/www.sergioloporto.com\\\/it\\\/\",\"name\":\"Terapia traumy Havening Warszawa\",\"description\":\"\",\"potentialAction\":[{\"@type\":\"SearchAction\",\"target\":{\"@type\":\"EntryPoint\",\"urlTemplate\":\"https:\\\/\\\/www.sergioloporto.com\\\/it\\\/?s={search_term_string}\"},\"query-input\":{\"@type\":\"PropertyValueSpecification\",\"valueRequired\":true,\"valueName\":\"search_term_string\"}}],\"inLanguage\":\"it-IT\"}]}<\/script>\n<!-- \/ Yoast SEO plugin. -->","yoast_head_json":{"title":"Terapia del Trauma a Varsavia - Psicotraumatologo Tecniche Havening","description":"Terapia del trauma a Varsavia. Ritorno a emozioni sane dopo un trauma con le Tecniche Havening\u00ae - Trattamento dei traumi, psicotraumatologo a Muravera \/ online","robots":{"index":"index","follow":"follow","max-snippet":"max-snippet:-1","max-image-preview":"max-image-preview:large","max-video-preview":"max-video-preview:-1"},"canonical":"https:\/\/www.sergioloporto.com\/it\/","og_locale":"it_IT","og_type":"article","og_title":"Terapia del Trauma a Varsavia - Psicotraumatologo Tecniche Havening","og_description":"Terapia del trauma a Varsavia. Ritorno a emozioni sane dopo un trauma con le Tecniche Havening\u00ae - Trattamento dei traumi, psicotraumatologo a Muravera \/ online","og_url":"https:\/\/www.sergioloporto.com\/it\/","og_site_name":"Terapia traumy Havening Warszawa","article_modified_time":"2025-03-03T21:54:56+00:00","twitter_card":"summary_large_image","twitter_misc":{"Tempo di lettura stimato":"2 minuti"},"schema":{"@context":"https:\/\/schema.org","@graph":[{"@type":"WebPage","@id":"https:\/\/www.sergioloporto.com\/it\/","url":"https:\/\/www.sergioloporto.com\/it\/","name":"Terapia del Trauma a Varsavia - Psicotraumatologo Tecniche Havening","isPartOf":{"@id":"https:\/\/www.sergioloporto.com\/it\/#website"},"datePublished":"2022-11-30T13:33:35+00:00","dateModified":"2025-03-03T21:54:56+00:00","description":"Terapia del trauma a Varsavia. Ritorno a emozioni sane dopo un trauma con le Tecniche Havening\u00ae - Trattamento dei traumi, psicotraumatologo a Muravera \/ online","breadcrumb":{"@id":"https:\/\/www.sergioloporto.com\/it\/#breadcrumb"},"inLanguage":"it-IT","potentialAction":[{"@type":"ReadAction","target":["https:\/\/www.sergioloporto.com\/it\/"]}]},{"@type":"BreadcrumbList","@id":"https:\/\/www.sergioloporto.com\/it\/#breadcrumb","itemListElement":[{"@type":"ListItem","position":1,"name":"Home","item":"https:\/\/www.sergioloporto.com\/it\/"},{"@type":"ListItem","position":2,"name":"Home"}]},{"@type":"WebSite","@id":"https:\/\/www.sergioloporto.com\/it\/#website","url":"https:\/\/www.sergioloporto.com\/it\/","name":"Terapia traumy Havening Warszawa","description":"","potentialAction":[{"@type":"SearchAction","target":{"@type":"EntryPoint","urlTemplate":"https:\/\/www.sergioloporto.com\/it\/?s={search_term_string}"},"query-input":{"@type":"PropertyValueSpecification","valueRequired":true,"valueName":"search_term_string"}}],"inLanguage":"it-IT"}]}},"_links":{"self":[{"href":"https:\/\/www.sergioloporto.com\/it\/wp-json\/wp\/v2\/pages\/560","targetHints":{"allow":["GET"]}}],"collection":[{"href":"https:\/\/www.sergioloporto.com\/it\/wp-json\/wp\/v2\/pages"}],"about":[{"href":"https:\/\/www.sergioloporto.com\/it\/wp-json\/wp\/v2\/types\/page"}],"author":[{"embeddable":true,"href":"https:\/\/www.sergioloporto.com\/it\/wp-json\/wp\/v2\/users\/1"}],"replies":[{"embeddable":true,"href":"https:\/\/www.sergioloporto.com\/it\/wp-json\/wp\/v2\/comments?post=560"}],"version-history":[{"count":1,"href":"https:\/\/www.sergioloporto.com\/it\/wp-json\/wp\/v2\/pages\/560\/revisions"}],"predecessor-version":[{"id":562,"href":"https:\/\/www.sergioloporto.com\/it\/wp-json\/wp\/v2\/pages\/560\/revisions\/562"}],"wp:attachment":[{"href":"https:\/\/www.sergioloporto.com\/it\/wp-json\/wp\/v2\/media?parent=560"}],"wp:term":[{"taxonomy":"post_tag","embeddable":true,"href":"https:\/\/www.sergioloporto.com\/it\/wp-json\/wp\/v2\/tags?post=560"}],"curies":[{"name":"wp","href":"https:\/\/api.w.org\/{rel}","templated":true}]}}